{"id":1208,"date":"2016-09-19T13:10:06","date_gmt":"2016-09-19T13:10:06","guid":{"rendered":"http:\/\/vangard.edge-themes.com\/?page_id=1208"},"modified":"2022-04-29T18:55:17","modified_gmt":"2022-04-29T18:55:17","slug":"blog","status":"publish","type":"page","link":"https:\/\/objetivomogi.com.br\/guaxupe\/site\/paginainicial\/blog\/","title":{"rendered":"Not\u00edcias"},"content":{"rendered":"<p>[vc_row][vc_column]<div class=\"mkd-blog-list-holder mkd-simple mkd-one-column\">\n\t<ul class=\"mkd-blog-list\">\n\t<li class=\"mkd-blog-list-item clearfix\">\n\t<div class=\"mkd-blog-list-item-inner\">\n\t\t\t\t<div class=\"mkd-item-text-holder\">\n\t\t\t<div class=\"mkd-item-info-section\">\n\t\t\t\t<div class=\"mkd-post-info-category\">\n\t<a href=\"https:\/\/objetivomogi.com.br\/guaxupe\/site\/category\/compromisso\/\" rel=\"category tag\">Compromisso<\/a>, <a href=\"https:\/\/objetivomogi.com.br\/guaxupe\/site\/category\/unidade\/\" rel=\"category tag\">Unidade<\/a><\/div>\t\t\t\t\t\t\t<\/div>\n\n\t\t\t<h3 class=\"mkd-item-title\">\n\t\t\t\t<a href=\"https:\/\/objetivomogi.com.br\/guaxupe\/site\/2022\/01\/24\/aniversariantes-do-mes\/\" >\n\t\t\t\t\tAniversariantes  do m\u00eas\t\t\t\t<\/a>\n\t\t\t<\/h3>\n\t\t\t\t\t\t\n\t\t\t\t\t\t\t<p class=\"mkd-excerpt\">Felicidades!Que a gra\u00e7a e a paz de Deus estejam sempre com voc\u00ea! Feliz anivers\u00e1rio...<\/p>\n\t\t\t\n\t\t\t<div class=\"mkd-item-read-more\">\n\t\t\t\t<a href=\"https:\/\/objetivomogi.com.br\/guaxupe\/site\/2022\/01\/24\/aniversariantes-do-mes\/\" target=\"_self\"  class=\"mkd-btn mkd-btn-medium mkd-btn-circled mkd-btn-icon mkd-btn-bckg-hover\"  >\t    \t\t<span class=\"mkd-btn-icon-holder\" >\t\t\t<span aria-hidden=\"true\" class=\"mkd-icon-font-elegant arrow_right \" ><\/span>\t\t<\/span>\t<\/a>\t\t\t<\/div>\n\t\t<\/div>\n\t<\/div>\t\n<\/li><li class=\"mkd-blog-list-item clearfix\">\n\t<div class=\"mkd-blog-list-item-inner\">\n\t\t\t\t<div class=\"mkd-item-text-holder\">\n\t\t\t<div class=\"mkd-item-info-section\">\n\t\t\t\t<div class=\"mkd-post-info-category\">\n\t<a href=\"https:\/\/objetivomogi.com.br\/guaxupe\/site\/category\/educacao\/\" rel=\"category tag\">Educa\u00e7\u00e3o<\/a><\/div>\t\t\t\t\t\t\t<\/div>\n\n\t\t\t<h3 class=\"mkd-item-title\">\n\t\t\t\t<a href=\"https:\/\/objetivomogi.com.br\/guaxupe\/site\/2022\/05\/29\/aniversario-do-objetivo-guaxupe\/\" >\n\t\t\t\t\tAnivers\u00e1rio do Objetivo Guaxup\u00e9\t\t\t\t<\/a>\n\t\t\t<\/h3>\n\t\t\t\t\t\t\n\t\t\t\t\t\t\t<p class=\"mkd-excerpt\">...<\/p>\n\t\t\t\n\t\t\t<div class=\"mkd-item-read-more\">\n\t\t\t\t<a href=\"https:\/\/objetivomogi.com.br\/guaxupe\/site\/2022\/05\/29\/aniversario-do-objetivo-guaxupe\/\" target=\"_self\"  class=\"mkd-btn mkd-btn-medium mkd-btn-circled mkd-btn-icon mkd-btn-bckg-hover\"  >\t    \t\t<span class=\"mkd-btn-icon-holder\" >\t\t\t<span aria-hidden=\"true\" class=\"mkd-icon-font-elegant arrow_right \" ><\/span>\t\t<\/span>\t<\/a>\t\t\t<\/div>\n\t\t<\/div>\n\t<\/div>\t\n<\/li><li class=\"mkd-blog-list-item clearfix\">\n\t<div class=\"mkd-blog-list-item-inner\">\n\t\t\t\t<div class=\"mkd-item-text-holder\">\n\t\t\t<div class=\"mkd-item-info-section\">\n\t\t\t\t<div class=\"mkd-post-info-category\">\n\t<a href=\"https:\/\/objetivomogi.com.br\/guaxupe\/site\/category\/sustentabilidade\/alimentar\/\" rel=\"category tag\">Alimentar<\/a>, <a href=\"https:\/\/objetivomogi.com.br\/guaxupe\/site\/category\/sustentabilidade\/\" rel=\"category tag\">Sustentabilidade<\/a><\/div>\t\t\t\t\t\t\t<\/div>\n\n\t\t\t<h3 class=\"mkd-item-title\">\n\t\t\t\t<a href=\"https:\/\/objetivomogi.com.br\/guaxupe\/site\/2022\/04\/18\/bolo-de-ricota-chef-fabiana\/\" >\n\t\t\t\t\tBolo de Ricota &#8211; Chef Fabiana\t\t\t\t<\/a>\n\t\t\t<\/h3>\n\t\t\t\t\t\t\n\t\t\t\t\t\t\t<p class=\"mkd-excerpt\">Sustentabilidade alimentar Ingredientes.: 250 gramas queijo meia cura firme (ralar e salpi...<\/p>\n\t\t\t\n\t\t\t<div class=\"mkd-item-read-more\">\n\t\t\t\t<a href=\"https:\/\/objetivomogi.com.br\/guaxupe\/site\/2022\/04\/18\/bolo-de-ricota-chef-fabiana\/\" target=\"_self\"  class=\"mkd-btn mkd-btn-medium mkd-btn-circled mkd-btn-icon mkd-btn-bckg-hover\"  >\t    \t\t<span class=\"mkd-btn-icon-holder\" >\t\t\t<span aria-hidden=\"true\" class=\"mkd-icon-font-elegant arrow_right \" ><\/span>\t\t<\/span>\t<\/a>\t\t\t<\/div>\n\t\t<\/div>\n\t<\/div>\t\n<\/li><li class=\"mkd-blog-list-item clearfix\">\n\t<div class=\"mkd-blog-list-item-inner\">\n\t\t\t\t<div class=\"mkd-item-text-holder\">\n\t\t\t<div class=\"mkd-item-info-section\">\n\t\t\t\t<div class=\"mkd-post-info-category\">\n\t<a href=\"https:\/\/objetivomogi.com.br\/guaxupe\/site\/category\/sustentabilidade\/alimentar\/\" rel=\"category tag\">Alimentar<\/a>, <a href=\"https:\/\/objetivomogi.com.br\/guaxupe\/site\/category\/sustentabilidade\/\" rel=\"category tag\">Sustentabilidade<\/a><\/div>\t\t\t\t\t\t\t<\/div>\n\n\t\t\t<h3 class=\"mkd-item-title\">\n\t\t\t\t<a href=\"https:\/\/objetivomogi.com.br\/guaxupe\/site\/2022\/04\/30\/sustentabilidade-alimentar-fabiana\/\" >\n\t\t\t\t\tChef Fabiana &#8211; Sustentabilidade Alimentar\t\t\t\t<\/a>\n\t\t\t<\/h3>\n\t\t\t\t\t\t\n\t\t\t\t\t\t\t<p class=\"mkd-excerpt\">Sou Fabiana, me formei em Gastrononia no ano de 2011. Me considero apaixonada pela arte de...<\/p>\n\t\t\t\n\t\t\t<div class=\"mkd-item-read-more\">\n\t\t\t\t<a href=\"https:\/\/objetivomogi.com.br\/guaxupe\/site\/2022\/04\/30\/sustentabilidade-alimentar-fabiana\/\" target=\"_self\"  class=\"mkd-btn mkd-btn-medium mkd-btn-circled mkd-btn-icon mkd-btn-bckg-hover\"  >\t    \t\t<span class=\"mkd-btn-icon-holder\" >\t\t\t<span aria-hidden=\"true\" class=\"mkd-icon-font-elegant arrow_right \" ><\/span>\t\t<\/span>\t<\/a>\t\t\t<\/div>\n\t\t<\/div>\n\t<\/div>\t\n<\/li><li class=\"mkd-blog-list-item clearfix\">\n\t<div class=\"mkd-blog-list-item-inner\">\n\t\t\t\t<div class=\"mkd-item-text-holder\">\n\t\t\t<div class=\"mkd-item-info-section\">\n\t\t\t\t<div class=\"mkd-post-info-category\">\n\t<a href=\"https:\/\/objetivomogi.com.br\/guaxupe\/site\/category\/educacao\/\" rel=\"category tag\">Educa\u00e7\u00e3o<\/a>, <a href=\"https:\/\/objetivomogi.com.br\/guaxupe\/site\/category\/ensinoinfantil\/\" rel=\"category tag\">Ensino infantil<\/a><\/div>\t\t\t\t\t\t\t<\/div>\n\n\t\t\t<h3 class=\"mkd-item-title\">\n\t\t\t\t<a href=\"https:\/\/objetivomogi.com.br\/guaxupe\/site\/2021\/11\/24\/como-ser-emocionalmente-saudavel\/\" >\n\t\t\t\t\tComo ser emocionalmente saud\u00e1vel?\t\t\t\t<\/a>\n\t\t\t<\/h3>\n\t\t\t\t\t\t\n\t\t\t\t\t\t\t<p class=\"mkd-excerpt\">Entenda de que maneira escola e pais podem auxiliar nessa tarefa As habilidades socioemoci...<\/p>\n\t\t\t\n\t\t\t<div class=\"mkd-item-read-more\">\n\t\t\t\t<a href=\"https:\/\/objetivomogi.com.br\/guaxupe\/site\/2021\/11\/24\/como-ser-emocionalmente-saudavel\/\" target=\"_self\"  class=\"mkd-btn mkd-btn-medium mkd-btn-circled mkd-btn-icon mkd-btn-bckg-hover\"  >\t    \t\t<span class=\"mkd-btn-icon-holder\" >\t\t\t<span aria-hidden=\"true\" class=\"mkd-icon-font-elegant arrow_right \" ><\/span>\t\t<\/span>\t<\/a>\t\t\t<\/div>\n\t\t<\/div>\n\t<\/div>\t\n<\/li><li class=\"mkd-blog-list-item clearfix\">\n\t<div class=\"mkd-blog-list-item-inner\">\n\t\t\t\t<div class=\"mkd-item-text-holder\">\n\t\t\t<div class=\"mkd-item-info-section\">\n\t\t\t\t<div class=\"mkd-post-info-category\">\n\t<a href=\"https:\/\/objetivomogi.com.br\/guaxupe\/site\/category\/sustentabilidade\/alimentar\/\" rel=\"category tag\">Alimentar<\/a>, <a href=\"https:\/\/objetivomogi.com.br\/guaxupe\/site\/category\/sustentabilidade\/\" rel=\"category tag\">Sustentabilidade<\/a><\/div>\t\t\t\t\t\t\t<\/div>\n\n\t\t\t<h3 class=\"mkd-item-title\">\n\t\t\t\t<a href=\"https:\/\/objetivomogi.com.br\/guaxupe\/site\/2022\/04\/30\/cookie-de-banana-com-aveia-e-chocolate-chef-fabiana\/\" >\n\t\t\t\t\tCookie de Banana com Aveia e Chocolate &#8211; Chef Fabiana\t\t\t\t<\/a>\n\t\t\t<\/h3>\n\t\t\t\t\t\t\n\t\t\t\t\t\t\t<p class=\"mkd-excerpt\">Sustentabilidade alimentar Ingredientes.: 2 bananas amassadas200g de aveia em flocos3 colh...<\/p>\n\t\t\t\n\t\t\t<div class=\"mkd-item-read-more\">\n\t\t\t\t<a href=\"https:\/\/objetivomogi.com.br\/guaxupe\/site\/2022\/04\/30\/cookie-de-banana-com-aveia-e-chocolate-chef-fabiana\/\" target=\"_self\"  class=\"mkd-btn mkd-btn-medium mkd-btn-circled mkd-btn-icon mkd-btn-bckg-hover\"  >\t    \t\t<span class=\"mkd-btn-icon-holder\" >\t\t\t<span aria-hidden=\"true\" class=\"mkd-icon-font-elegant arrow_right \" ><\/span>\t\t<\/span>\t<\/a>\t\t\t<\/div>\n\t\t<\/div>\n\t<\/div>\t\n<\/li><li class=\"mkd-blog-list-item clearfix\">\n\t<div class=\"mkd-blog-list-item-inner\">\n\t\t\t\t<div class=\"mkd-item-text-holder\">\n\t\t\t<div class=\"mkd-item-info-section\">\n\t\t\t\t<div class=\"mkd-post-info-category\">\n\t<a href=\"https:\/\/objetivomogi.com.br\/guaxupe\/site\/category\/ensinoinfantil\/\" rel=\"category tag\">Ensino infantil<\/a><\/div>\t\t\t\t\t\t\t<\/div>\n\n\t\t\t<h3 class=\"mkd-item-title\">\n\t\t\t\t<a href=\"https:\/\/objetivomogi.com.br\/guaxupe\/site\/2021\/11\/24\/crianca-emocionalmente-saudavel-esta-pronta-para-enfrentar-desafios\/\" >\n\t\t\t\t\tCrian\u00e7a emocionalmente saud\u00e1vel est\u00e1 pronta para enfrentar desafios\t\t\t\t<\/a>\n\t\t\t<\/h3>\n\t\t\t\t\t\t\n\t\t\t\t\t\t\t<p class=\"mkd-excerpt\">Frustra\u00e7\u00f5es auxiliam no desenvolvimento da resili\u00eancia Hoje \u00e9 comum que os familiares ...<\/p>\n\t\t\t\n\t\t\t<div class=\"mkd-item-read-more\">\n\t\t\t\t<a href=\"https:\/\/objetivomogi.com.br\/guaxupe\/site\/2021\/11\/24\/crianca-emocionalmente-saudavel-esta-pronta-para-enfrentar-desafios\/\" target=\"_self\"  class=\"mkd-btn mkd-btn-medium mkd-btn-circled mkd-btn-icon mkd-btn-bckg-hover\"  >\t    \t\t<span class=\"mkd-btn-icon-holder\" >\t\t\t<span aria-hidden=\"true\" class=\"mkd-icon-font-elegant arrow_right \" ><\/span>\t\t<\/span>\t<\/a>\t\t\t<\/div>\n\t\t<\/div>\n\t<\/div>\t\n<\/li><li class=\"mkd-blog-list-item clearfix\">\n\t<div class=\"mkd-blog-list-item-inner\">\n\t\t\t\t<div class=\"mkd-item-text-holder\">\n\t\t\t<div class=\"mkd-item-info-section\">\n\t\t\t\t<div class=\"mkd-post-info-category\">\n\t<a href=\"https:\/\/objetivomogi.com.br\/guaxupe\/site\/category\/educacao\/\" rel=\"category tag\">Educa\u00e7\u00e3o<\/a><\/div>\t\t\t\t\t\t\t<\/div>\n\n\t\t\t<h3 class=\"mkd-item-title\">\n\t\t\t\t<a href=\"https:\/\/objetivomogi.com.br\/guaxupe\/site\/2021\/11\/24\/post-teste-ensino-infantil-2\/\" >\n\t\t\t\t\tDeixe seu filho passar pelo t\u00e9dio\t\t\t\t<\/a>\n\t\t\t<\/h3>\n\t\t\t\t\t\t\n\t\t\t\t\t\t\t<p class=\"mkd-excerpt\">Excesso de atividades e est\u00edmulos prejudica a criatividade m tempos de rotinas t\u00e3o ocupa...<\/p>\n\t\t\t\n\t\t\t<div class=\"mkd-item-read-more\">\n\t\t\t\t<a href=\"https:\/\/objetivomogi.com.br\/guaxupe\/site\/2021\/11\/24\/post-teste-ensino-infantil-2\/\" target=\"_self\"  class=\"mkd-btn mkd-btn-medium mkd-btn-circled mkd-btn-icon mkd-btn-bckg-hover\"  >\t    \t\t<span class=\"mkd-btn-icon-holder\" >\t\t\t<span aria-hidden=\"true\" class=\"mkd-icon-font-elegant arrow_right \" ><\/span>\t\t<\/span>\t<\/a>\t\t\t<\/div>\n\t\t<\/div>\n\t<\/div>\t\n<\/li><li class=\"mkd-blog-list-item clearfix\">\n\t<div class=\"mkd-blog-list-item-inner\">\n\t\t\t\t<div class=\"mkd-item-text-holder\">\n\t\t\t<div class=\"mkd-item-info-section\">\n\t\t\t\t<div class=\"mkd-post-info-category\">\n\t<a href=\"https:\/\/objetivomogi.com.br\/guaxupe\/site\/category\/ensinoinfantil\/\" rel=\"category tag\">Ensino infantil<\/a><\/div>\t\t\t\t\t\t\t<\/div>\n\n\t\t\t<h3 class=\"mkd-item-title\">\n\t\t\t\t<a href=\"https:\/\/objetivomogi.com.br\/guaxupe\/site\/2021\/11\/24\/teste-de-blog\/\" >\n\t\t\t\t\tDica de f\u00e9rias: estimule a leitura\t\t\t\t<\/a>\n\t\t\t<\/h3>\n\t\t\t\t\t\t\n\t\t\t\t\t\t\t<p class=\"mkd-excerpt\">Brincadeiras e outras atividades tamb\u00e9m podem fazer esse per\u00edodo mais divertido No per\u00ed...<\/p>\n\t\t\t\n\t\t\t<div class=\"mkd-item-read-more\">\n\t\t\t\t<a href=\"https:\/\/objetivomogi.com.br\/guaxupe\/site\/2021\/11\/24\/teste-de-blog\/\" target=\"_self\"  class=\"mkd-btn mkd-btn-medium mkd-btn-circled mkd-btn-icon mkd-btn-bckg-hover\"  >\t    \t\t<span class=\"mkd-btn-icon-holder\" >\t\t\t<span aria-hidden=\"true\" class=\"mkd-icon-font-elegant arrow_right \" ><\/span>\t\t<\/span>\t<\/a>\t\t\t<\/div>\n\t\t<\/div>\n\t<\/div>\t\n<\/li><li class=\"mkd-blog-list-item clearfix\">\n\t<div class=\"mkd-blog-list-item-inner\">\n\t\t\t\t<div class=\"mkd-item-text-holder\">\n\t\t\t<div class=\"mkd-item-info-section\">\n\t\t\t\t<div class=\"mkd-post-info-category\">\n\t<a href=\"https:\/\/objetivomogi.com.br\/guaxupe\/site\/category\/sustentabilidade\/\" rel=\"category tag\">Sustentabilidade<\/a><\/div>\t\t\t\t\t\t\t<\/div>\n\n\t\t\t<h3 class=\"mkd-item-title\">\n\t\t\t\t<a href=\"https:\/\/objetivomogi.com.br\/guaxupe\/site\/2023\/01\/23\/evento-cultural-sobre-sustentabilidade\/\" >\n\t\t\t\t\tEvento cultural sobre sustentabilidade\t\t\t\t<\/a>\n\t\t\t<\/h3>\n\t\t\t\t\t\t\n\t\t\t\t\t\t\t<p class=\"mkd-excerpt\">As crian\u00e7as no Zool\u00f3gico em S\u00e3o Paulo....<\/p>\n\t\t\t\n\t\t\t<div class=\"mkd-item-read-more\">\n\t\t\t\t<a href=\"https:\/\/objetivomogi.com.br\/guaxupe\/site\/2023\/01\/23\/evento-cultural-sobre-sustentabilidade\/\" target=\"_self\"  class=\"mkd-btn mkd-btn-medium mkd-btn-circled mkd-btn-icon mkd-btn-bckg-hover\"  >\t    \t\t<span class=\"mkd-btn-icon-holder\" >\t\t\t<span aria-hidden=\"true\" class=\"mkd-icon-font-elegant arrow_right \" ><\/span>\t\t<\/span>\t<\/a>\t\t\t<\/div>\n\t\t<\/div>\n\t<\/div>\t\n<\/li>\t<\/ul>\t\n<\/div>\n[\/vc_column][\/vc_row]<\/p>\n","protected":false},"excerpt":{"rendered":"<p>[vc_row][vc_column][\/vc_column][\/vc_row]<\/p>\n","protected":false},"author":1,"featured_media":0,"parent":5966,"menu_order":0,"comment_status":"closed","ping_status":"closed","template":"blog-masonry.php","meta":{"footnotes":""},"class_list":["post-1208","page","type-page","status-publish","hentry"],"_links":{"self":[{"href":"https:\/\/objetivomogi.com.br\/guaxupe\/site\/wp-json\/wp\/v2\/pages\/1208","targetHints":{"allow":["GET"]}}],"collection":[{"href":"https:\/\/objetivomogi.com.br\/guaxupe\/site\/wp-json\/wp\/v2\/pages"}],"about":[{"href":"https:\/\/objetivomogi.com.br\/guaxupe\/site\/wp-json\/wp\/v2\/types\/page"}],"author":[{"embeddable":true,"href":"https:\/\/objetivomogi.com.br\/guaxupe\/site\/wp-json\/wp\/v2\/users\/1"}],"replies":[{"embeddable":true,"href":"https:\/\/objetivomogi.com.br\/guaxupe\/site\/wp-json\/wp\/v2\/comments?post=1208"}],"version-history":[{"count":2,"href":"https:\/\/objetivomogi.com.br\/guaxupe\/site\/wp-json\/wp\/v2\/pages\/1208\/revisions"}],"predecessor-version":[{"id":9472,"href":"https:\/\/objetivomogi.com.br\/guaxupe\/site\/wp-json\/wp\/v2\/pages\/1208\/revisions\/9472"}],"up":[{"embeddable":true,"href":"https:\/\/objetivomogi.com.br\/guaxupe\/site\/wp-json\/wp\/v2\/pages\/5966"}],"wp:attachment":[{"href":"https:\/\/objetivomogi.com.br\/guaxupe\/site\/wp-json\/wp\/v2\/media?parent=1208"}],"curies":[{"name":"wp","href":"https:\/\/api.w.org\/{rel}","templated":true}]}}