{"id":6247,"date":"2017-06-28T14:30:38","date_gmt":"2017-06-28T14:30:38","guid":{"rendered":"http:\/\/buro.mikado-themes.com\/?page_id=6247"},"modified":"2022-04-29T18:49:29","modified_gmt":"2022-04-29T18:49:29","slug":"fundamental","status":"publish","type":"page","link":"https:\/\/objetivomogi.com.br\/guaxupe\/site\/paginainicial\/fundamental\/","title":{"rendered":"Ensino Fundamental"},"content":{"rendered":"<p>[vc_row content_aligment=&#8221;center&#8221; css=&#8221;.vc_custom_1637804767697{background-image: url(https:\/\/objetivomogi.com.br\/guaxupe\/site\/wp-content\/uploads\/2021\/11\/fundantal1-scaled.jpeg?id=9646) !important;background-position: center !important;background-repeat: no-repeat !important;background-size: cover !important;}&#8221;][vc_column]<div class=\"mkd-elements-holder mkd-responsive-mode-768\" ><div class=\"mkd-elements-holder-item mkd-horizontal-alignment-center\" data-item-class=\"mkd-elements-holder-custom-925424\" data-1280-1440=\"18.5% 0 0% 0\" data-1024-1280=\"15% 0 0 0\" data-768-1024=\"15% 0 0 0\" data-600-768=\"35.5% 0 0 0\" >\n\t\t<div class=\"mkd-elements-holder-item-inner\">\n\t\t<div class=\"mkd-elements-holder-item-content mkd-elements-holder-custom-925424\" style=\"padding: 18.5% 0 0 0\">\n\t\t\t\n<div class=\"mkd-custom-font-holder\" style=\"font-family: Prompt;font-size: 90px;line-height: 125px;font-weight: 700;text-align: center;color: #ffffff\" data-font-size= 90 data-line-height= 125>\n\tEduca\u00e7\u00e3o Fundamental\t<\/div>[vc_empty_space height=&#8221;22px&#8221;]\t\t<\/div>\n\t<\/div>\n<\/div><\/div><div class=\"mkd-elements-holder mkd-responsive-mode-768\" ><div class=\"mkd-elements-holder-item mkd-horizontal-alignment-center\" data-item-class=\"mkd-elements-holder-custom-474696\" data-1280-1440=\"0 18% 21.5% 18%\" data-1024-1280=\"0 15% 13.5% 15%\" data-768-1024=\"0 5% 19% 5%\" data-600-768=\"0 10% 40% 10%\" data-480-600=\"0 0% 20% 0%\" data-480=\"0 0% 20% 0%\" >\n\t\t<div class=\"mkd-elements-holder-item-inner\">\n\t\t<div class=\"mkd-elements-holder-item-content mkd-elements-holder-custom-474696\" style=\"padding: 0 26% 21% 26%\">\n\t\t\t[vc_column_text]<\/p>\n<h4 style=\"text-align: center;\"><span style=\"color: #ffffff;\">Em toda caminhada, h\u00e1 sempre um objetivo<\/span><\/h4>\n<p>[\/vc_column_text][vc_empty_space height=&#8221;50px&#8221;]\t\t<\/div>\n\t<\/div>\n<\/div><\/div>[\/vc_column][\/vc_row][vc_row row_type=&#8221;parallax&#8221; full_screen_section_height=&#8221;yes&#8221; parallax_background_image=&#8221;9655&#8243;][vc_column]<div class=\"mkd-elements-holder mkd-responsive-mode-768\" ><div class=\"mkd-elements-holder-item \" data-item-class=\"mkd-elements-holder-custom-912643\" data-1280-1440=\"19.3% 10% 0% 57%\" data-1024-1280=\"13% 4% 0% 57%\" data-768-1024=\"24.5% 0% 24.5% 53%\" data-600-768=\"46% 0% 46% 51%\" data-480-600=\"50% 4% 50% 6%\" data-480=\"50% 4% 50% 6%\" >\n\t\t<div class=\"mkd-elements-holder-item-inner\">\n\t\t<div class=\"mkd-elements-holder-item-content mkd-elements-holder-custom-912643\" style=\"padding: 14.6% 19% 0% 55%\">\n\t\t\t[vc_column_text]<\/p>\n<h3>Introdu\u00e7\u00e3o \u00e0 L\u00f3gica Natural e Atividades<\/h3>\n<h3>Pr\u00e9-Num\u00e9ricas<\/h3>\n<p>[\/vc_column_text][vc_empty_space height=&#8221;20px&#8221;][vc_column_text]<\/p>\n<h4>Exercita a manipula\u00e7\u00e3o de materiais concretos antes de assimilar conceitos abstratos, o que evita a mecaniza\u00e7\u00e3o de t\u00e9cnicas sem uma real compreens\u00e3o<\/h4>\n<p>[\/vc_column_text]\t\t<\/div>\n\t<\/div>\n<\/div><\/div>[\/vc_column][\/vc_row][vc_row css=&#8221;.vc_custom_1637807606084{background-image: url(https:\/\/objetivomogi.com.br\/guaxupe\/site\/wp-content\/uploads\/2021\/11\/fundamental8.jpeg?id=9662) !important;background-position: center !important;background-repeat: no-repeat !important;background-size: cover !important;}&#8221;][vc_column]<div class=\"mkd-elements-holder mkd-responsive-mode-768\" ><div class=\"mkd-elements-holder-item \" data-item-class=\"mkd-elements-holder-custom-943838\" data-1280-1440=\"19.2% 0% 19.2% 49%\" data-1024-1280=\"15% 0% 15% 43%\" data-768-1024=\"19.6% 0% 23.6% 43%\" data-600-768=\"47% 0% 51% 43%\" data-480-600=\"63% 0% 63% 19%\" data-480=\"63% 0% 63% 19%\" >\n\t\t<div class=\"mkd-elements-holder-item-inner\">\n\t\t<div class=\"mkd-elements-holder-item-content mkd-elements-holder-custom-943838\" style=\"padding: 19.5% 0% 19.5% 49%\">\n\t\t\t\n<div class=\"mkd-custom-font-holder\" style=\"font-family: Prompt;font-size: 120px;line-height: 125px;font-weight: 700;text-align: left;color: #ffffff\" data-font-size= 120 data-line-height= 125>\n\tArtes<br \/>\nVisuais\t<\/div>[vc_empty_space][vc_column_text css=&#8221;.vc_custom_1637807731085{margin-right: 40px !important;}&#8221;]<\/p>\n<h4 style=\"text-align: left;\"><span style=\"color: #ffffff;\">Um ambiente prop\u00edcio ao desenvolvimento da cria\u00e7\u00e3o, do racioc\u00ednio l\u00f3gico-espacial e da sensibilidade est\u00e9tica nas aulas de artes visuais. Praticam tamb\u00e9m teatro e dan\u00e7a, o que desinibe e sociabiliza a crian\u00e7a<\/span><\/h4>\n<p>[\/vc_column_text]\t\t<\/div>\n\t<\/div>\n<\/div><\/div>[\/vc_column][\/vc_row][vc_row row_type=&#8221;parallax&#8221; full_screen_section_height=&#8221;yes&#8221; parallax_background_image=&#8221;9683&#8243;][vc_column]<div class=\"mkd-elements-holder mkd-responsive-mode-768\" ><div class=\"mkd-elements-holder-item \" data-item-class=\"mkd-elements-holder-custom-458082\" data-1280-1440=\"18.6% 40% 0% 17%\" data-1024-1280=\"12.3% 33% 0% 17%\" data-768-1024=\"23% 20% 23% 17%\" data-600-768=\"47% 7% 47% 13%\" data-480-600=\"28% 0% 28% 12%\" data-480=\"28% 0% 28% 12%\" >\n\t\t<div class=\"mkd-elements-holder-item-inner\">\n\t\t<div class=\"mkd-elements-holder-item-content mkd-elements-holder-custom-458082\" style=\"padding: 19% 50% 0% 17%\">\n\t\t\t[vc_column_text]<\/p>\n<h1><span style=\"color: #ffffff;\">M\u00fasica<\/span><\/h1>\n<p>[\/vc_column_text][vc_empty_space height=&#8221;25px&#8221;][vc_column_text]<\/p>\n<h4><span style=\"color: #ffffff;\">Vivenciando m\u00fasica, os alunos desenvolvem o gosto e a sensibilidade musical e a express\u00e3o corporal. Durante o ano letivo, as comemora\u00e7\u00f5es realizadas na Educa\u00e7\u00e3o Infantil do COL\u00c9GIO OBJETIVO contam com apresenta\u00e7\u00f5es dos alunos em n\u00fameros musicais e dramatiza\u00e7\u00f5es<\/span><\/h4>\n<p>[\/vc_column_text][vc_empty_space height=&#8221;50px&#8221;]\t\t<\/div>\n\t<\/div>\n<\/div><\/div>[\/vc_column][\/vc_row][vc_row row_type=&#8221;parallax&#8221; full_screen_section_height=&#8221;yes&#8221; css=&#8221;.vc_custom_1637814618037{padding-right: 40px !important;padding-left: 40px !important;background-color: #efefef !important;}&#8221;][vc_column width=&#8221;1\/3&#8243; css=&#8221;.vc_custom_1637814473588{padding-right: 20px !important;padding-left: 10px !important;background-color: #efefef !important;}&#8221;][vc_empty_space][vc_column_text]<\/p>\n<h3>Natureza e Cultura<\/h3>\n<p>[\/vc_column_text][vc_empty_space][vc_column_text]Aulas pr\u00e1ticas em que os alunos obt\u00eam respostas \u00e0s suas d\u00favidas e curiosidades, reproduzindo fen\u00f4menos ao alcance de seu conhecimento.<\/p>\n<p>A investiga\u00e7\u00e3o \u00e9 constante[\/vc_column_text][vc_empty_space][\/vc_column][vc_column width=&#8221;1\/3&#8243; css=&#8221;.vc_custom_1637814631126{margin-right: 40px !important;margin-left: 10px !important;background-color: #ffffff !important;}&#8221;][vc_empty_space][vc_column_text]<\/p>\n<h3>Ingl\u00eas<\/h3>\n<p>[\/vc_column_text][vc_empty_space][vc_column_text]Deve despertar o gosto e o interesse dos pequenos pelo idioma. Aos poucos, a crian\u00e7a se familiariza e assimila os elementos da nova linguagem, seguindo o mesmo processo de aprendizagem da l\u00edngua materna[\/vc_column_text][vc_empty_space][\/vc_column][vc_column width=&#8221;1\/3&#8243; css=&#8221;.vc_custom_1637812983006{margin-right: 10px !important;margin-left: 10px !important;}&#8221;][vc_empty_space][vc_column_text]<\/p>\n<h3>Movimento<\/h3>\n<p>[\/vc_column_text][vc_empty_space][vc_column_text]A Educa\u00e7\u00e3o F\u00edsica na Educa\u00e7\u00e3o Infantil tem um papel important\u00edssimo no desenvolvimento das crian\u00e7as, organizada em um ambiente adequado e d\u00e1 oportunidade para que tenham experi\u00eancias positivas que lhes proporcionem um crescimento sadio e o desenvolvimento de v\u00e1rias habilidades[\/vc_column_text][vc_empty_space][\/vc_column][\/vc_row]<\/p>\n","protected":false},"excerpt":{"rendered":"<p>[vc_row content_aligment=&#8221;center&#8221; css=&#8221;.vc_custom_1637804767697{background-image: url(https:\/\/objetivomogi.com.br\/guaxupe\/site\/wp-content\/uploads\/2021\/11\/fundantal1-scaled.jpeg?id=9646) !important;background-position: center !important;background-repeat: no-repeat !important;background-size: cover !important;}&#8221;][vc_column][\/vc_column][\/vc_row][vc_row row_type=&#8221;parallax&#8221; full_screen_section_height=&#8221;yes&#8221; parallax_background_image=&#8221;9655&#8243;][vc_column][\/vc_column][\/vc_row][vc_row css=&#8221;.vc_custom_1637807606084{background-image: url(https:\/\/objetivomogi.com.br\/guaxupe\/site\/wp-content\/uploads\/2021\/11\/fundamental8.jpeg?id=9662) !important;background-position: center !important;background-repeat: no-repeat !important;background-size: cover !important;}&#8221;][vc_column][\/vc_column][\/vc_row][vc_row row_type=&#8221;parallax&#8221; full_screen_section_height=&#8221;yes&#8221; parallax_background_image=&#8221;9683&#8243;][vc_column][\/vc_column][\/vc_row][vc_row row_type=&#8221;parallax&#8221; full_screen_section_height=&#8221;yes&#8221; css=&#8221;.vc_custom_1637814618037{padding-right: 40px !important;padding-left: 40px !important;background-color: #efefef !important;}&#8221;][vc_column width=&#8221;1\/3&#8243; css=&#8221;.vc_custom_1637814473588{padding-right: 20px !important;padding-left: 10px !important;background-color: #efefef !important;}&#8221;][vc_empty_space][vc_column_text] Natureza&#8230;<\/p>\n","protected":false},"author":1,"featured_media":0,"parent":5966,"menu_order":0,"comment_status":"closed","ping_status":"closed","template":"full-width.php","meta":{"footnotes":""},"class_list":["post-6247","page","type-page","status-publish","hentry"],"_links":{"self":[{"href":"https:\/\/objetivomogi.com.br\/guaxupe\/site\/wp-json\/wp\/v2\/pages\/6247","targetHints":{"allow":["GET"]}}],"collection":[{"href":"https:\/\/objetivomogi.com.br\/guaxupe\/site\/wp-json\/wp\/v2\/pages"}],"about":[{"href":"https:\/\/objetivomogi.com.br\/guaxupe\/site\/wp-json\/wp\/v2\/types\/page"}],"author":[{"embeddable":true,"href":"https:\/\/objetivomogi.com.br\/guaxupe\/site\/wp-json\/wp\/v2\/users\/1"}],"replies":[{"embeddable":true,"href":"https:\/\/objetivomogi.com.br\/guaxupe\/site\/wp-json\/wp\/v2\/comments?post=6247"}],"version-history":[{"count":43,"href":"https:\/\/objetivomogi.com.br\/guaxupe\/site\/wp-json\/wp\/v2\/pages\/6247\/revisions"}],"predecessor-version":[{"id":9642,"href":"https:\/\/objetivomogi.com.br\/guaxupe\/site\/wp-json\/wp\/v2\/pages\/6247\/revisions\/9642"}],"up":[{"embeddable":true,"href":"https:\/\/objetivomogi.com.br\/guaxupe\/site\/wp-json\/wp\/v2\/pages\/5966"}],"wp:attachment":[{"href":"https:\/\/objetivomogi.com.br\/guaxupe\/site\/wp-json\/wp\/v2\/media?parent=6247"}],"curies":[{"name":"wp","href":"https:\/\/api.w.org\/{rel}","templated":true}]}}